{"id":2,"date":"2025-12-01T22:01:29","date_gmt":"2025-12-01T22:01:29","guid":{"rendered":"http:\/\/unispourmontarnaud.fr\/?page_id=2"},"modified":"2026-02-24T23:26:52","modified_gmt":"2026-02-24T22:26:52","slug":"mots-candidat","status":"publish","type":"page","link":"https:\/\/unispourmontarnaud.fr\/index.php\/mots-candidat\/","title":{"rendered":"Les mots du candidat"},"content":{"rendered":"\n<div class=\"wp-block-group has-global-padding is-layout-constrained wp-block-group-is-layout-constrained\" style=\"border-top-left-radius:0px;border-top-right-radius:0px;border-bottom-left-radius:0px;border-bottom-right-radius:0px\">\n<blockquote class=\"wp-block-quote has-accent-5-background-color has-background is-layout-flow wp-block-quote-is-layout-flow\" style=\"border-width:2px;border-top-left-radius:20px;border-top-right-radius:20px;border-bottom-left-radius:20px;border-bottom-right-radius:20px\">\n<div class=\"wp-block-columns is-layout-flex wp-container-core-columns-is-layout-28f84493 wp-block-columns-is-layout-flex\">\n<div class=\"wp-block-column is-layout-flow wp-block-column-is-layout-flow\" style=\"flex-basis:33.33%\">\n<figure class=\"wp-block-image aligncenter size-large is-resized has-custom-border is-style-rounded wp-duotone-unset-2 is-style-rounded--1\"><img loading=\"lazy\" decoding=\"async\" width=\"1024\" height=\"683\" src=\"https:\/\/unispourmontarnaud.fr\/wp-content\/uploads\/2026\/01\/Denis-TERRAILLON-2-1024x683.jpg\" alt=\"\" class=\"has-border-color wp-image-261\" style=\"border-color:#17465b;border-width:2px;border-top-left-radius:100px;border-top-right-radius:100px;border-bottom-left-radius:100px;border-bottom-right-radius:100px;aspect-ratio:1;object-fit:cover;width:200px\" srcset=\"https:\/\/unispourmontarnaud.fr\/wp-content\/uploads\/2026\/01\/Denis-TERRAILLON-2-1024x683.jpg 1024w, https:\/\/unispourmontarnaud.fr\/wp-content\/uploads\/2026\/01\/Denis-TERRAILLON-2-300x200.jpg 300w, https:\/\/unispourmontarnaud.fr\/wp-content\/uploads\/2026\/01\/Denis-TERRAILLON-2-768x512.jpg 768w, https:\/\/unispourmontarnaud.fr\/wp-content\/uploads\/2026\/01\/Denis-TERRAILLON-2-1536x1024.jpg 1536w, https:\/\/unispourmontarnaud.fr\/wp-content\/uploads\/2026\/01\/Denis-TERRAILLON-2.jpg 2048w\" sizes=\"auto, (max-width: 1024px) 100vw, 1024px\" \/><\/figure>\n<\/div>\n\n\n\n<div class=\"wp-block-column is-layout-flow wp-block-column-is-layout-flow\" style=\"flex-basis:66.66%\">\n<p>Le 24\/02\/2026<\/p>\n\n\n\n<p><strong>Ch\u00e8res Montarn\u00e9ens, Montarn\u00e9ennes<\/strong><\/p>\n<\/div>\n<\/div>\n\n\n\n<p>Nous sommes fiers de vous pr\u00e9senter notre projet pour Montarnaud.<\/p>\n\n\n\n<p>Malgr\u00e9 les difficult\u00e9s et les intimidations, nous n\u2019avons jamais baiss\u00e9 les bras. De nombreux soutiens nous ont encourag\u00e9, car nos id\u00e9es int\u00e9ressent, nos valeurs rassurent et notre liste inspire confiance.<\/p>\n\n\n\n<p>Nous proposons d\u2019agir pour:<\/p>\n\n\n\n<p>\ud83c\udf3f<strong>Un village o\u00f9 il fait bon vivre<\/strong> : notre programme est color\u00e9, vivant et profond\u00e9ment humain. Il associe les jeunes et les ain\u00e9s, il s\u2019appuie sur les associations et les habitants pour que chacun et chacune y trouve sa place.<\/p>\n\n\n\n<p>\u2696\ufe0f<strong>Un village en bonne sant\u00e9<\/strong> : une gestion saine et \u00e9quilibr\u00e9e, des projets raisonnables et adapt\u00e9s \u00e0 la taille du village, une s\u00e9curit\u00e9 assur\u00e9e, des commerces et entreprises prosp\u00e8res, une attractivit\u00e9 retrouv\u00e9e.<\/p>\n\n\n\n<p>\ud83e\udd1d<strong>Un village moral<\/strong> : loin des influences affairistes et politiques, centr\u00e9 sur l\u2019int\u00e9r\u00eat g\u00e9n\u00e9ral, ouvert au dialogue et \u00e0 la concertation, transparent sur les motivations des d\u00e9cisions, honn\u00eate dans ses d\u00e9marches envers les citoyens.<\/p>\n\n\n\n<p><strong>Des enjeux importants nous attendent :<\/strong><\/p>\n\n\n\n<p>\ud83d\udccdLe projet de la cave \u00e0 revoir \u00e0 la baisse et \u00e0 rendre utile pour le plus grand nombre.<\/p>\n\n\n\n<p>\ud83d\udccdL\u2019urbanisation d\u00e9brid\u00e9e du nouveau PLU, majoritairement refus\u00e9e.<\/p>\n\n\n\n<p>\ud83d\udccdLa distribution d\u2019eau potable \u00e0 assurer en \u00e9t\u00e9.<\/p>\n\n\n\n<p>\ud83d\udccdLa cr\u00e9ation d\u2019emploi \u00e0 relancer.<\/p>\n\n\n\n<p>Nous refusons de mettre ces sujets sous le tapis, au contraire nous allons en parler et nous mettre au travail.<\/p>\n\n\n\n<p>Ce village a besoin de changer de direction s\u00e9rieusement !<\/p>\n\n\n\n<p><strong>Nous vous accueillerons le dimanche 8 mars <\/strong>pour discuter avec vous de ce programme et vous pr\u00e9senter notre liste.<\/p>\n\n\n\n<p>Ensuite ce sera \u00e0 vous de d\u00e9cider \u00e0 quelle liste vous voulez confier le Village<\/p>\n<\/blockquote>\n<\/div>\n\n\n\n<div class=\"wp-block-group has-global-padding is-layout-constrained wp-block-group-is-layout-constrained\" style=\"border-top-left-radius:0px;border-top-right-radius:0px;border-bottom-left-radius:0px;border-bottom-right-radius:0px\">\n<blockquote class=\"wp-block-quote is-style-default has-accent-4-background-color has-background is-layout-flow wp-block-quote-is-layout-flow\" style=\"border-width:2px;border-top-left-radius:20px;border-top-right-radius:20px;border-bottom-left-radius:20px;border-bottom-right-radius:20px\">\n<div class=\"wp-block-columns is-layout-flex wp-container-core-columns-is-layout-28f84493 wp-block-columns-is-layout-flex\">\n<div class=\"wp-block-column is-layout-flow wp-block-column-is-layout-flow\" style=\"flex-basis:33.33%\">\n<figure class=\"wp-block-image aligncenter size-large is-resized has-custom-border is-style-rounded wp-duotone-unset-4 is-style-rounded--3\"><img loading=\"lazy\" decoding=\"async\" width=\"1024\" height=\"683\" src=\"https:\/\/unispourmontarnaud.fr\/wp-content\/uploads\/2026\/01\/Denis-TERRAILLON-2-1024x683.jpg\" alt=\"\" class=\"has-border-color wp-image-261\" style=\"border-color:#17465b;border-width:2px;border-top-left-radius:100px;border-top-right-radius:100px;border-bottom-left-radius:100px;border-bottom-right-radius:100px;aspect-ratio:1;object-fit:cover;width:200px\" srcset=\"https:\/\/unispourmontarnaud.fr\/wp-content\/uploads\/2026\/01\/Denis-TERRAILLON-2-1024x683.jpg 1024w, https:\/\/unispourmontarnaud.fr\/wp-content\/uploads\/2026\/01\/Denis-TERRAILLON-2-300x200.jpg 300w, https:\/\/unispourmontarnaud.fr\/wp-content\/uploads\/2026\/01\/Denis-TERRAILLON-2-768x512.jpg 768w, https:\/\/unispourmontarnaud.fr\/wp-content\/uploads\/2026\/01\/Denis-TERRAILLON-2-1536x1024.jpg 1536w, https:\/\/unispourmontarnaud.fr\/wp-content\/uploads\/2026\/01\/Denis-TERRAILLON-2.jpg 2048w\" sizes=\"auto, (max-width: 1024px) 100vw, 1024px\" \/><\/figure>\n<\/div>\n\n\n\n<div class=\"wp-block-column is-layout-flow wp-block-column-is-layout-flow\" style=\"flex-basis:66.66%\">\n<p>Le 18\/12\/2025<\/p>\n\n\n\n<p><strong>Ch\u00e8res Montarn\u00e9ens, Montarn\u00e9ennes<\/strong><\/p>\n<\/div>\n<\/div>\n\n\n\n<p><\/p>\n\n\n\n<p class=\"has-large-font-size\">Vous connaissez mes prises de positions sur la p\u00e9nurie d\u2019eau qui s\u2019annonce comme sur la d\u00e9mesure du projet de r\u00e9habilitation de la cave coop\u00e9rative. Je suis ainsi ; <strong>vigilant et intransigeant sur tout ce qui concerne l\u2019avenir de Montarnaud.<\/strong><\/p>\n\n\n\n<p>Vous savez aussi que j\u2019aime ce village au point de m\u2019\u00eatre engag\u00e9 dans la campagne pr\u00e9c\u00e9dente pour prendre en charge les finances, les ressources humaines et les moyens g\u00e9n\u00e9raux. <strong>Travail discret mais extr\u00eamement efficace qui a permis aux services municipaux de se moderniser et aux investissements d\u2019\u00eatre r\u00e9alis\u00e9s.<\/strong><\/p>\n\n\n\n<p>Il s\u2019agit maintenant de s\u2019engager dans un autre d\u00e9fi : celui de ramener Montarnaud sur le bon chemin. En effet nous sommes tr\u00e8s nombreux \u00e0 penser que face au contexte international, national et climatique plut\u00f4t morose <strong>il est important de se sentir bien dans notre village.<\/strong><\/p>\n\n\n\n<p><strong>Une dr\u00f4le d\u2019id\u00e9e devenue notre ambition !<\/strong><\/p>\n\n\n\n<p>Apr\u00e8s tout, notre village s\u2019est rempli de familles qui sont venues s\u2019installer pour trouver calme, s\u00e9r\u00e9nit\u00e9, confiance. Notre village est aussi constitu\u00e9 de vieilles familles qui en connaissent toute l\u2019histoire, d\u00e9fendent \u00e2prement son \u00e2me mais regrettent le bon temps pass\u00e9 ensemble.<\/p>\n\n\n\n<p>\u00c9videmment nous aurons besoin de vous !<br><strong>Dor\u00e9navant vous savez que vous pouvez compter sur nous !<\/strong><\/p>\n<\/blockquote>\n<\/div>\n\n\n\n<div class=\"wp-block-group is-style-default has-large-font-size is-layout-flow wp-block-group-is-layout-flow\">\n<p><em><strong>Denis Terraillon<\/strong><\/em><\/p>\n\n\n\n<p>UNIS pour MONTARNAUD<\/p>\n\n\n\n<p><\/p>\n<\/div>\n\n\n\n<p><\/p>\n","protected":false},"excerpt":{"rendered":"<p>Le 24\/02\/2026 Ch\u00e8res Montarn\u00e9ens, Montarn\u00e9ennes Nous sommes fiers de vous pr\u00e9senter notre projet pour Montarnaud. Malgr\u00e9 les difficult\u00e9s et les intimidations, nous n\u2019avons jamais baiss\u00e9 les bras. De nombreux soutiens nous ont encourag\u00e9, car nos id\u00e9es int\u00e9ressent, nos valeurs rassurent et notre liste inspire confiance. Nous proposons d\u2019agir pour: \ud83c\udf3fUn village o\u00f9 il fait bon [&hellip;]<\/p>\n","protected":false},"author":1,"featured_media":0,"parent":0,"menu_order":0,"comment_status":"closed","ping_status":"closed","template":"","meta":{"footnotes":""},"class_list":["post-2","page","type-page","status-publish","hentry"],"_links":{"self":[{"href":"https:\/\/unispourmontarnaud.fr\/index.php\/wp-json\/wp\/v2\/pages\/2","targetHints":{"allow":["GET"]}}],"collection":[{"href":"https:\/\/unispourmontarnaud.fr\/index.php\/wp-json\/wp\/v2\/pages"}],"about":[{"href":"https:\/\/unispourmontarnaud.fr\/index.php\/wp-json\/wp\/v2\/types\/page"}],"author":[{"embeddable":true,"href":"https:\/\/unispourmontarnaud.fr\/index.php\/wp-json\/wp\/v2\/users\/1"}],"replies":[{"embeddable":true,"href":"https:\/\/unispourmontarnaud.fr\/index.php\/wp-json\/wp\/v2\/comments?post=2"}],"version-history":[{"count":40,"href":"https:\/\/unispourmontarnaud.fr\/index.php\/wp-json\/wp\/v2\/pages\/2\/revisions"}],"predecessor-version":[{"id":465,"href":"https:\/\/unispourmontarnaud.fr\/index.php\/wp-json\/wp\/v2\/pages\/2\/revisions\/465"}],"wp:attachment":[{"href":"https:\/\/unispourmontarnaud.fr\/index.php\/wp-json\/wp\/v2\/media?parent=2"}],"curies":[{"name":"wp","href":"https:\/\/api.w.org\/{rel}","templated":true}]}}