{"id":48,"date":"2025-12-02T00:30:53","date_gmt":"2025-12-01T23:30:53","guid":{"rendered":"https:\/\/unispourmontarnaud.fr\/?page_id=48"},"modified":"2026-02-24T23:14:15","modified_gmt":"2026-02-24T22:14:15","slug":"notre-programme","status":"publish","type":"page","link":"https:\/\/unispourmontarnaud.fr\/index.php\/notre-programme\/","title":{"rendered":"Notre programme"},"content":{"rendered":"\n<h2 class=\"wp-block-heading alignwide has-text-align-center\"><strong>CE QUE NOUS VOULONS POUR NOTRE VILLAGE<\/strong><\/h2>\n\n\n\n\n\n<p><em>Nos priorit\u00e9s pour un Montarnaud vivant, apais\u00e9 et raisonnable<\/em><\/p>\n\n\n\n<figure class=\"wp-block-image alignwide size-large\"><img loading=\"lazy\" decoding=\"async\" width=\"1024\" height=\"724\" src=\"https:\/\/unispourmontarnaud.fr\/wp-content\/uploads\/2026\/02\/1-1024x724.png\" alt=\"\" class=\"wp-image-439\" srcset=\"https:\/\/unispourmontarnaud.fr\/wp-content\/uploads\/2026\/02\/1-1024x724.png 1024w, https:\/\/unispourmontarnaud.fr\/wp-content\/uploads\/2026\/02\/1-300x212.png 300w, https:\/\/unispourmontarnaud.fr\/wp-content\/uploads\/2026\/02\/1-768x543.png 768w, https:\/\/unispourmontarnaud.fr\/wp-content\/uploads\/2026\/02\/1-1536x1086.png 1536w, https:\/\/unispourmontarnaud.fr\/wp-content\/uploads\/2026\/02\/1.png 2000w\" sizes=\"auto, (max-width: 1024px) 100vw, 1024px\" \/><\/figure>\n\n\n\n<hr class=\"wp-block-separator has-alpha-channel-opacity\" style=\"margin-top:var(--wp--preset--spacing--10);margin-bottom:var(--wp--preset--spacing--10)\"\/>\n\n\n\n<div class=\"wp-block-group has-background has-global-padding is-layout-constrained wp-container-core-group-is-layout-54d2a77c wp-block-group-is-layout-constrained\" style=\"border-width:2px;border-top-left-radius:20px;border-top-right-radius:20px;border-bottom-left-radius:20px;border-bottom-right-radius:20px;background-color:#e8ddf3;margin-top:0;margin-bottom:0;padding-top:var(--wp--preset--spacing--10);padding-right:var(--wp--preset--spacing--10);padding-bottom:var(--wp--preset--spacing--10);padding-left:var(--wp--preset--spacing--10)\">\n<h3 class=\"wp-block-heading\"><strong>Familles, \u00c9coles &amp; Jeunesse : accompagner nos 1300 jeunes<\/strong><\/h3>\n\n\n\n<p><strong>Notre Jeunesse sera connect\u00e9e !<\/strong><\/p>\n\n\n\n<ul class=\"wp-block-list\">\n<li>Cr\u00e9er un r\u00e9seau social local pour connecter les jeunes aux activit\u00e9s, \u00e9v\u00e9nements et d\u00e9cisions du village<\/li>\n<\/ul>\n\n\n\n<p><strong>Nos enfants auront un itin\u00e9raire fait pour eux<\/strong><\/p>\n\n\n\n<ul class=\"wp-block-list\">\n<li>Parcours s\u00e9curis\u00e9 pour que nos enfants circulent en confiance de la Maternelle \u00e0 l\u2019\u00e9cole El\u00e9mentaire en passant par le coll\u00e8ge, en evitant les conflits d\u2019usages avec les voitures<\/li>\n<\/ul>\n\n\n\n<p><strong>Une alimentation saine \u00e0 l\u2019\u00e9cole<\/strong><\/p>\n\n\n\n<ul class=\"wp-block-list\">\n<li>Mettre en place une cuisine locale avec des produits frais du territoire et cr\u00e9ation d\u2019emplois locaux \u00e0 Montarnaud<\/li>\n<\/ul>\n\n\n\n<p><strong>Le confort thermique des \u00e9coles<\/strong><\/p>\n\n\n\n<ul class=\"wp-block-list\">\n<li>Rafraichissement des classes et v\u00e9g\u00e9talisation des cours<\/li>\n<\/ul>\n\n\n\n<p><\/p>\n<\/div>\n\n\n\n<hr class=\"wp-block-separator has-alpha-channel-opacity\"\/>\n\n\n\n<div class=\"wp-block-group has-background has-global-padding is-layout-constrained wp-container-core-group-is-layout-9597dc02 wp-block-group-is-layout-constrained\" style=\"border-width:2px;border-top-left-radius:20px;border-top-right-radius:20px;border-bottom-left-radius:20px;border-bottom-right-radius:20px;background-color:#f4e4b1;padding-top:var(--wp--preset--spacing--10);padding-right:var(--wp--preset--spacing--10);padding-bottom:var(--wp--preset--spacing--10);padding-left:var(--wp--preset--spacing--10)\">\n<h3 class=\"wp-block-heading\"><strong>Village &amp; Mobilit\u00e9s<\/strong><\/h3>\n\n\n\n<p><br><strong>Urbanisme \/ PLU<\/strong><\/p>\n\n\n\n<ul class=\"wp-block-list\">\n<li>Refuser tout projet d\u2019extension d\u00e9mographique du village<\/li>\n\n\n\n<li>Corriger les incoh\u00e9rences relev\u00e9es par la pr\u00e9fecture et la chambre d\u2019agriculture<\/li>\n\n\n\n<li>Revenir \u00e0 un d\u00e9veloppement \u00e9quilibr\u00e9 et respectueux du territoire<\/li>\n<\/ul>\n\n\n\n<p><strong>Accessibilit\u00e9 et Mobilit\u00e9s<\/strong><\/p>\n\n\n\n<ul class=\"wp-block-list\">\n<li>Voiries et acc\u00e8s PMR conformes pour tous<\/li>\n\n\n\n<li>Stationnements v\u00e9los \/ trottinettes s\u00e9curis\u00e9s<\/li>\n\n\n\n<li>Bornes de recharge pour v\u00e9hicules \u00e9lectriques<\/li>\n<\/ul>\n\n\n\n<p><strong>Patrimoine<\/strong><\/p>\n\n\n\n<ul class=\"wp-block-list\">\n<li>R\u00e9habilitation des ar\u00e8nes<\/li>\n\n\n\n<li>R\u00e9novation de l\u2019\u00e9glise<\/li>\n\n\n\n<li>Am\u00e9liorer l\u2019acc\u00e8s au cimeti\u00e8re<\/li>\n<\/ul>\n\n\n\n<p><\/p>\n<\/div>\n\n\n\n<hr class=\"wp-block-separator has-alpha-channel-opacity\"\/>\n\n\n\n<div class=\"wp-block-group has-background has-global-padding is-layout-constrained wp-container-core-group-is-layout-9597dc02 wp-block-group-is-layout-constrained\" style=\"border-width:2px;border-top-left-radius:20px;border-top-right-radius:20px;border-bottom-left-radius:20px;border-bottom-right-radius:20px;background-color:#e6d2e3;padding-top:var(--wp--preset--spacing--10);padding-right:var(--wp--preset--spacing--10);padding-bottom:var(--wp--preset--spacing--10);padding-left:var(--wp--preset--spacing--10)\">\n<h3 class=\"wp-block-heading\"><strong>Commerces, \u00e9conomie locale<\/strong><\/h3>\n\n\n\n<p>Notre projet relancera \u00ab l\u2019attractivit\u00e9 \u00bb du village pour&nbsp;<strong>gommer l\u2019image de cit\u00e9 dortoir.<\/strong><\/p>\n\n\n\n<p><strong>Commerces<\/strong><\/p>\n\n\n\n<ul class=\"wp-block-list\">\n<li>Revoir les circulations, la pi\u00e9tonnisation, la signal\u00e9tique et les parkings.<\/li>\n\n\n\n<li>Associer les commer\u00e7ants aux \u00e9v\u00e8nements<\/li>\n<\/ul>\n\n\n\n<p><strong>Entreprises<\/strong><\/p>\n\n\n\n<ul class=\"wp-block-list\">\n<li>Relancer l\u2019extension de 6 ha de la ZAC de la Tour<\/li>\n\n\n\n<li>Accueillir favorablement tous les projets de d\u00e9veloppement \u00e9conomique et les accompagner<\/li>\n\n\n\n<li>R\u00e9aliser un coworking et proposer des services partag\u00e9s<\/li>\n<\/ul>\n<\/div>\n\n\n\n<hr class=\"wp-block-separator has-alpha-channel-opacity\"\/>\n\n\n\n<div class=\"wp-block-group has-background has-global-padding is-layout-constrained wp-container-core-group-is-layout-9597dc02 wp-block-group-is-layout-constrained\" style=\"border-width:2px;border-top-left-radius:20px;border-top-right-radius:20px;border-bottom-left-radius:20px;border-bottom-right-radius:20px;background-color:#aae9c9;padding-top:var(--wp--preset--spacing--10);padding-right:var(--wp--preset--spacing--10);padding-bottom:var(--wp--preset--spacing--10);padding-left:var(--wp--preset--spacing--10)\">\n<h3 class=\"wp-block-heading\"><strong>Sant\u00e9, Lien et Solidarit\u00e9<\/strong><\/h3>\n\n\n\n<p><strong>Sant\u00e9, Action sociale &amp; solidarit\u00e9<\/strong><\/p>\n\n\n\n<ul class=\"wp-block-list\">\n<li>Offrir des services suppl\u00e9mentaires aux familles, aux a\u00een\u00e9s, aux jeunes.<\/li>\n\n\n\n<li>Cr\u00e9er un centre social: lieu de rencontre, d\u2019\u00e9coute et de bienveillance<\/li>\n<\/ul>\n\n\n\n<p><strong>Nos A\u00een\u00e9s<\/strong><\/p>\n\n\n\n<ul class=\"wp-block-list\">\n<li>Partager la \u201cMaison des Jeunes\u201d en lieu Interg\u00e9n\u00e9rationnel accessible toute la journ\u00e9e + activit\u00e9s partag\u00e9es avec les jeunes<\/li>\n\n\n\n<li>Pr\u00e9sence renforc\u00e9e pour \u00e9viter l\u2019isolement<\/li>\n<\/ul>\n\n\n\n<p><strong>Restos du coeur<\/strong><\/p>\n\n\n\n<ul class=\"wp-block-list\">\n<li>Les reloger dans des locaux d\u00e9cents<\/li>\n<\/ul>\n\n\n\n<hr class=\"wp-block-separator has-alpha-channel-opacity\"\/>\n<\/div>\n\n\n\n<hr class=\"wp-block-separator has-alpha-channel-opacity\"\/>\n\n\n\n<div class=\"wp-block-group has-background has-global-padding is-layout-constrained wp-container-core-group-is-layout-9597dc02 wp-block-group-is-layout-constrained\" style=\"border-width:2px;border-top-left-radius:20px;border-top-right-radius:20px;border-bottom-left-radius:20px;border-bottom-right-radius:20px;background-color:#d0e5fa;padding-top:var(--wp--preset--spacing--10);padding-right:var(--wp--preset--spacing--10);padding-bottom:var(--wp--preset--spacing--10);padding-left:var(--wp--preset--spacing--10)\">\n<h3 class=\"wp-block-heading\"><strong>Gouvernance responsable<\/strong><\/h3>\n\n\n\n<p><strong>Finances<\/strong><\/p>\n\n\n\n<ul class=\"wp-block-list\">\n<li>Revenir \u00e0 des investissements raisonnables et adapt\u00e9s aux besoins du village<\/li>\n\n\n\n<li>Garantir une gestion transparente et ma\u00eetris\u00e9e des finances communales<\/li>\n<\/ul>\n\n\n\n<p><strong>S\u00e9curit\u00e9 et Pr\u00e9vention<\/strong><\/p>\n\n\n\n<ul class=\"wp-block-list\">\n<li>Lancer un audit sur 4 axes : s\u00e9curit\u00e9 routi\u00e8re, s\u00e9curit\u00e9 publique, s\u00e9curit\u00e9 des \u00e9quipements et pr\u00e9vention des risques<\/li>\n\n\n\n<li>D\u00e9finir des actions co-construites avec les habitants et les autorit\u00e9s comp\u00e9tentes<\/li>\n<\/ul>\n\n\n\n<p><strong>D\u00e9mocratie et Transparence<\/strong><\/p>\n\n\n\n<p>Conseil des sages et des jeunes modernis\u00e9<\/p>\n\n\n\n<p>Conseils municipaux diffus\u00e9s en direct<\/p>\n\n\n\n<p>Consultation r\u00e9guli\u00e8re des habitants concern\u00e9s par les projets<\/p>\n<\/div>\n\n\n\n<hr class=\"wp-block-separator has-alpha-channel-opacity\"\/>\n\n\n\n<div class=\"wp-block-group has-background has-global-padding is-layout-constrained wp-container-core-group-is-layout-9597dc02 wp-block-group-is-layout-constrained\" style=\"border-width:2px;border-top-left-radius:20px;border-top-right-radius:20px;border-bottom-left-radius:20px;border-bottom-right-radius:20px;background-color:#94ccfa;padding-top:var(--wp--preset--spacing--10);padding-right:var(--wp--preset--spacing--10);padding-bottom:var(--wp--preset--spacing--10);padding-left:var(--wp--preset--spacing--10)\">\n<h3 class=\"wp-block-heading\"><strong>Environnement &amp; Eau<\/strong><\/h3>\n\n\n\n<p><strong>Conserver nos terres agricoles et l\u2019identit\u00e9 du village<\/strong><\/p>\n\n\n\n<ul class=\"wp-block-list\">\n<li>Soutenir nos fili\u00e8res locales : vignes, oliviers et pastoralisme<\/li>\n\n\n\n<li>Replanter des arbres, renforcer la v\u00e9g\u00e9talisation du village<\/li>\n\n\n\n<li>Relancer les jardins partag\u00e9s pour recr\u00e9er du lien<\/li>\n<\/ul>\n\n\n\n<p><strong>Pr\u00e9server notre eau potable<\/strong><\/p>\n\n\n\n<ul class=\"wp-block-list\">\n<li>En p\u00e9riode de canicule, le partage \u00e9quitable de la ressource est pr\u00e9f\u00e9rable aux coupures tournantes par quartier. Nous rencontrerons St Paul et Valmalle ainsi qu\u2019Argeliers pour mettre en place un plan de gestion de l\u2019eau potable.<\/li>\n<\/ul>\n\n\n\n<p><strong>Notre Cadre de vie<\/strong><\/p>\n\n\n\n<p>Revoir le sujet de la collecte des d\u00e9chets avec la SCH<\/p>\n\n\n\n<p>Mettre fin \u00e0 la logique du tout-b\u00e9ton<\/p>\n\n\n\n<p>Concevoir des am\u00e9nagements concert\u00e9s avec les habitants (parc, jardin &#8230;)<\/p>\n\n\n\n<p><\/p>\n<\/div>\n\n\n\n<hr class=\"wp-block-separator has-alpha-channel-opacity\"\/>\n\n\n\n\n\n\n\n<div class=\"wp-block-group has-background has-global-padding is-layout-constrained wp-container-core-group-is-layout-9597dc02 wp-block-group-is-layout-constrained\" style=\"border-width:2px;border-top-left-radius:20px;border-top-right-radius:20px;border-bottom-left-radius:20px;border-bottom-right-radius:20px;background-color:#f8e4ee;padding-top:var(--wp--preset--spacing--10);padding-right:var(--wp--preset--spacing--10);padding-bottom:var(--wp--preset--spacing--10);padding-left:var(--wp--preset--spacing--10)\">\n<h3 class=\"wp-block-heading\"><strong>Vivre ensemble<\/strong><\/h3>\n\n\n\n<p><strong>Faire de la cave un b\u00e2timent utile<\/strong><\/p>\n\n\n\n<ul class=\"wp-block-list\">\n<li>M\u00e9diath\u00e8que<\/li>\n\n\n\n<li>Centre social<\/li>\n\n\n\n<li>Salles polyvalentes, salles de sport, salles d\u2019associations, stockage de mat\u00e9riel, tiers lieu<\/li>\n<\/ul>\n\n\n\n<p><strong>Proposer des solutions innovantes pour limiter les couts<\/strong><\/p>\n\n\n\n<ul class=\"wp-block-list\">\n<li>Financement par tranche<\/li>\n\n\n\n<li>Constructions l\u00e9g\u00e9res et modulables<\/li>\n\n\n\n<li>Gestion \u00e9conome<\/li>\n<\/ul>\n\n\n\n<p><strong>Festivit\u00e9s et Sport<\/strong><\/p>\n\n\n\n<p>Cr\u00e9er des \u00e9v\u00e8nements accessibles \u00e0 tous qui rassemblent les g\u00e9n\u00e9rations et renforcent l\u2019identit\u00e9 de Montarnaud<\/p>\n\n\n\n<p>Mise aux normes du stade de foot<\/p>\n\n\n\n<p>Faire vivre nos traditions locales<\/p>\n\n\n\n<p><\/p>\n<\/div>\n\n\n\n<hr class=\"wp-block-separator has-alpha-channel-opacity\"\/>\n\n\n\n<div class=\"wp-block-group has-accent-4-background-color has-background has-global-padding is-layout-constrained wp-container-core-group-is-layout-9597dc02 wp-block-group-is-layout-constrained\" style=\"border-width:2px;border-top-left-radius:20px;border-top-right-radius:20px;border-bottom-left-radius:20px;border-bottom-right-radius:20px;padding-top:var(--wp--preset--spacing--10);padding-right:var(--wp--preset--spacing--10);padding-bottom:var(--wp--preset--spacing--10);padding-left:var(--wp--preset--spacing--10)\">\n<h3 class=\"wp-block-heading\">En d\u00e9tail&#8230; <strong>Cave Coop\u00e9rative &amp; Culture : un projet utile<\/strong><\/h3>\n\n\n\n<p>La cave doit devenir un lieu central pour les habitants, sans faire exploser les finances.<\/p>\n\n\n\n<p>Nous souhaitons revenir au projet initial :<br>&nbsp;cr\u00e9er ensemble un lieu de rencontre, de partage et de culture,<br>&nbsp;deux fois moins co\u00fbteux,<br>&nbsp;pens\u00e9 d\u2019abord pour les habitants<\/p>\n\n\n\n<p>Un projet clair, en 3 espaces (1 000 m\u00b2)<\/p>\n\n\n\n<h4 class=\"wp-block-heading\"><strong>&nbsp;400 m\u00b2 \u2013 M\u00e9diath\u00e8que &amp; centre social<\/strong><\/h4>\n\n\n\n<ul style=\"padding-right:var(--wp--preset--spacing--10);padding-left:var(--wp--preset--spacing--10)\" class=\"wp-block-list is-style-checkmark-list\">\n<li><strong>Une m\u00e9diath\u00e8que moderne, ouverte \u00e0 toutes les g\u00e9n\u00e9rations<\/strong><\/li>\n\n\n\n<li>\u00c0 l\u2019\u00e9tage : centre social et salle de rencontre<\/li>\n\n\n\n<li>Gestion municipale, ouverture le samedi et programmation dynamique<\/li>\n<\/ul>\n\n\n\n<h4 class=\"wp-block-heading\"><strong>&nbsp;600 m\u00b2 \u2013 Grand espace associatif<\/strong><\/h4>\n\n\n\n<ul style=\"padding-right:var(--wp--preset--spacing--10);padding-left:var(--wp--preset--spacing--10)\" class=\"wp-block-list is-style-checkmark-list\">\n<li><strong>Salle polyvalente, dojo, activit\u00e9s sportives et culturelles<\/strong><\/li>\n\n\n\n<li>Des cr\u00e9neaux aujourd\u2019hui insuffisants, mais tr\u00e8s demand\u00e9s<\/li>\n\n\n\n<li>Gestion par une association loi 1901, avec repr\u00e9sentation des utilisateurs<\/li>\n\n\n\n<li>Salles modulables selon les besoins<\/li>\n\n\n\n<li>Box de stockage (anciennes cuves conserv\u00e9es et r\u00e9utilis\u00e9es)<\/li>\n\n\n\n<li>Un tiers-lieu pour se retrouver, partager, c\u00e9l\u00e9brer<\/li>\n<\/ul>\n\n\n\n<h4 class=\"wp-block-heading\"><strong>\u00c0 l\u2019\u00e9tage \u2013 Espace professionnel<\/strong><\/h4>\n\n\n\n<ul class=\"wp-block-list is-style-checkmark-list\">\n<li>Coworking &amp; services<\/li>\n\n\n\n<li>Salle de r\u00e9union connect\u00e9e<\/li>\n<\/ul>\n\n\n\n<p>Plus d\u2019informations \u00e0 venir<\/p>\n\n\n\n<p><\/p>\n<\/div>\n","protected":false},"excerpt":{"rendered":"<p>CE QUE NOUS VOULONS POUR NOTRE VILLAGE Nos priorit\u00e9s pour un Montarnaud vivant, apais\u00e9 et raisonnable Familles, \u00c9coles &amp; Jeunesse : accompagner nos 1300 jeunes Notre Jeunesse sera connect\u00e9e ! Nos enfants auront un itin\u00e9raire fait pour eux Une alimentation saine \u00e0 l\u2019\u00e9cole Le confort thermique des \u00e9coles Village &amp; Mobilit\u00e9s Urbanisme \/ PLU Accessibilit\u00e9 [&hellip;]<\/p>\n","protected":false},"author":1,"featured_media":0,"parent":0,"menu_order":0,"comment_status":"closed","ping_status":"closed","template":"","meta":{"footnotes":""},"class_list":["post-48","page","type-page","status-publish","hentry"],"_links":{"self":[{"href":"https:\/\/unispourmontarnaud.fr\/index.php\/wp-json\/wp\/v2\/pages\/48","targetHints":{"allow":["GET"]}}],"collection":[{"href":"https:\/\/unispourmontarnaud.fr\/index.php\/wp-json\/wp\/v2\/pages"}],"about":[{"href":"https:\/\/unispourmontarnaud.fr\/index.php\/wp-json\/wp\/v2\/types\/page"}],"author":[{"embeddable":true,"href":"https:\/\/unispourmontarnaud.fr\/index.php\/wp-json\/wp\/v2\/users\/1"}],"replies":[{"embeddable":true,"href":"https:\/\/unispourmontarnaud.fr\/index.php\/wp-json\/wp\/v2\/comments?post=48"}],"version-history":[{"count":54,"href":"https:\/\/unispourmontarnaud.fr\/index.php\/wp-json\/wp\/v2\/pages\/48\/revisions"}],"predecessor-version":[{"id":456,"href":"https:\/\/unispourmontarnaud.fr\/index.php\/wp-json\/wp\/v2\/pages\/48\/revisions\/456"}],"wp:attachment":[{"href":"https:\/\/unispourmontarnaud.fr\/index.php\/wp-json\/wp\/v2\/media?parent=48"}],"curies":[{"name":"wp","href":"https:\/\/api.w.org\/{rel}","templated":true}]}}